{"id":384,"date":"2014-07-01T14:58:29","date_gmt":"2014-07-01T14:58:29","guid":{"rendered":"http:\/\/www.jeden-it.eu\/de\/?page_id=384"},"modified":"2014-07-24T13:20:14","modified_gmt":"2014-07-24T13:20:14","slug":"schreiben-von-computerprogrammen","status":"publish","type":"page","link":"http:\/\/www.jeden-it.eu\/de\/schreiben-von-computerprogrammen\/","title":{"rendered":"Schreiben von Computerprogrammen"},"content":{"rendered":"<p style=\"text-align: justify;\"><img loading=\"lazy\" decoding=\"async\" class=\"size-full wp-image-531 alignright\" src=\"http:\/\/www.jeden-it.eu\/wp-content\/uploads\/2014\/06\/programming.jpg\" alt=\"Programowanie aplikacji\" width=\"240\" height=\"140\" \/>\u00a0Als Programmierer befassen wir uns ebenfalls mit dem Schreiben von Programmen und Computerapplikationen. Momentan spezialisieren wir uns aud die Gestaltung von Softwares, die auf der Technologie Java\/j2EE basieren. Wir bem\u00fchen uns <strong>kleinere und mittlere <\/strong>\u00a0Projekte zu realisieren, somit\u00a0 k\u00f6nnen dem Kunden \u00a0innerhalb k\u00fcrzester Zeit ein fertiges und skaliertes Produkt liefern.<\/p>\n<p style=\"text-align: justify;\">Wir bem\u00fchen uns den Kunden auf jeder Etappe der Programmgestaltung zu unterst\u00fctzen \u2013 sowohl im Prozess der Gr\u00fcndung seiner Spezifizierung, Architektur, als auch sp\u00e4ter bei der Einf\u00fchrung, und am Ende bei der Aufrechterhaltung und weiteren Entwicklung. Als Programmierer mit einer jahrelangen Erfahrung in verschiedenen Arten von Projekten sind wir uns bewusst, <strong>wie wichtig die Qualit\u00e4t des Codes ist<\/strong>, den wir liefern. Diesbez\u00fcglich nehmen wir aktiv an zahlreichen Schulungen und Konferenzen Teil, die unsere F\u00e4higkeiten und Kenntnisse neuster Technologien erh\u00f6hen. Wir bem\u00fchen uns in unserer Arbeit zus\u00e4tzlich nach den Grunds\u00e4tzen des Clean Codes (Clean Code principles) zu arbeiten, und den ganzen Software-Gr\u00fcndungsprozess gem\u00e4\u00df den Agile-Regeln (SCRUM) durchzuf\u00fchren<\/p>\n<p style=\"text-align: justify;\">Wenn Sie interessiert sind, bitten wir Sie uns zukontaktieren, und unser Vertreter wird sich mit Ihnen pers\u00f6nlich in Verbindung setzen.<\/p>\n<h3 style=\"text-align: justify;\">Kunden\u00a0aus dem Ausland<\/h3>\n<p>Bisher arbeiten wir mit vielen Firmen aus Deutschland zusammen, deswegen bieten wir auch die M\u00f6glichkeit an, unseren Vertreter in Deutschland zu treffen. \u00a0Hierzu\u00a0bitten wir um einen <a title=\"Kontakt z reprezentantem na terenie Niemiec\" href=\"http:\/\/www.jeden-it.eu\/kontakt\/\">Kontakt per E-Mail <\/a> oder Telefon um weitere Details zu besprechen.<\/p>\n","protected":false},"excerpt":{"rendered":"<p>\u00a0Als Programmierer befassen wir uns ebenfalls mit dem Schreiben von Programmen und Computerapplikationen. Momentan spezialisieren wir uns aud die Gestaltung von Softwares, die auf der Technologie Java\/j2EE basieren. Wir bem\u00fchen uns kleinere und mittlere \u00a0Projekte zu realisieren, somit\u00a0 k\u00f6nnen dem Kunden \u00a0innerhalb k\u00fcrzester Zeit ein fertiges und skaliertes Produkt liefern. Wir bem\u00fchen uns den Kunden&nbsp;<a href=\"http:\/\/www.jeden-it.eu\/de\/schreiben-von-computerprogrammen\/\" class=\"read-more\">Continue Reading<\/a><\/p>\n","protected":false},"author":1,"featured_media":0,"parent":0,"menu_order":0,"comment_status":"open","ping_status":"open","template":"","meta":{"footnotes":""},"_links":{"self":[{"href":"http:\/\/www.jeden-it.eu\/de\/wp-json\/wp\/v2\/pages\/384"}],"collection":[{"href":"http:\/\/www.jeden-it.eu\/de\/wp-json\/wp\/v2\/pages"}],"about":[{"href":"http:\/\/www.jeden-it.eu\/de\/wp-json\/wp\/v2\/types\/page"}],"author":[{"embeddable":true,"href":"http:\/\/www.jeden-it.eu\/de\/wp-json\/wp\/v2\/users\/1"}],"replies":[{"embeddable":true,"href":"http:\/\/www.jeden-it.eu\/de\/wp-json\/wp\/v2\/comments?post=384"}],"version-history":[{"count":4,"href":"http:\/\/www.jeden-it.eu\/de\/wp-json\/wp\/v2\/pages\/384\/revisions"}],"predecessor-version":[{"id":451,"href":"http:\/\/www.jeden-it.eu\/de\/wp-json\/wp\/v2\/pages\/384\/revisions\/451"}],"wp:attachment":[{"href":"http:\/\/www.jeden-it.eu\/de\/wp-json\/wp\/v2\/media?parent=384"}],"curies":[{"name":"wp","href":"https:\/\/api.w.org\/{rel}","templated":true}]}}