{"id":393,"date":"2014-07-01T17:08:35","date_gmt":"2014-07-01T17:08:35","guid":{"rendered":"http:\/\/www.jeden-it.eu\/de\/?page_id=393"},"modified":"2014-07-24T13:12:33","modified_gmt":"2014-07-24T13:12:33","slug":"pair-programming-verifizierung","status":"publish","type":"page","link":"http:\/\/www.jeden-it.eu\/de\/pair-programming-verifizierung\/","title":{"rendered":"Verifizierung (von Spezialisten) per Pair Programming"},"content":{"rendered":"<p style=\"text-align: justify;\"><img loading=\"lazy\" decoding=\"async\" class=\"alignleft size-full wp-image-514\" src=\"http:\/\/www.jeden-it.eu\/wp-content\/uploads\/2014\/06\/pairProgramming.jpg\" alt=\"Programist\u00f3w ubiegaj\u0105cych si\u0119 o prac\u0119 weryfikujemy za pomoc\u0105 Pair Programming\" width=\"240\" height=\"140\" \/>Wir bieten als <strong>einzige Firma in Polen <\/strong>eine Kandidatenverifizierung per Pair Programming an, also durch das Programmieren in Paaren.<\/p>\n<p style=\"text-align: justify;\">Bei der Rekrutierung werden dem Kandidaten einige Programmieraufgaben zugeteilt, die er am Computer gemeinsam mit einem erfahrenen und zertifizierten Programmierer unserer Firma l\u00f6sen soll. Nach dem Beenden der Pr\u00fcfung, ist der abgeordnete Programmierer im Stande, die technischen Kenntnisse, sowie die Auswahlrichtigkeit der Algorithmen und der Projektmuster durch den Kandidaten zu bewerten.<\/p>\n<p style=\"text-align: justify;\">Es wird zus\u00e4tzlich die Qualit\u00e4t des Codes, als auch seine Entsprechung mit den <strong>Clean Code Prinzipien<\/strong> bewertet. Der Kunde erh\u00e4lt von uns eine Zusammenfassung der Rekrutierung, gemeinsam mit dem Kommentar unserer Spezialisten.<\/p>\n<p style=\"text-align: justify;\"><strong>Pair Programming <\/strong>ist die wirksamste und in der SCRUM Methodologie breit angewandte Art des Wissensaustauschs zwischen den Programmierern. Man nutzt es meistens zum Ziel der Einf\u00fchrung neuer Teammitglieder und ihrer Bekanntmachung mit dem Code der Applikation, die sie entwickeln werden. Wir nutzen in unserer Firma Pair Programming zum Ziel der Erkennung der Kenntnisse des Kandidaten. Eine solche Vorgehensweise erm\u00f6glicht ein sofortiges Herausfinden der st\u00e4rkeren und schw\u00e4cheren Seiten des Programmierers und ist an die Firmen gerichtet, f\u00fcr die die Anstellung eines Arbeiters mit bestimmten \u00a0Fertigkeiten wichtig ist.<\/p>\n","protected":false},"excerpt":{"rendered":"<p>Wir bieten als einzige Firma in Polen eine Kandidatenverifizierung per Pair Programming an, also durch das Programmieren in Paaren. Bei der Rekrutierung werden dem Kandidaten einige Programmieraufgaben zugeteilt, die er am Computer gemeinsam mit einem erfahrenen und zertifizierten Programmierer unserer Firma l\u00f6sen soll. Nach dem Beenden der Pr\u00fcfung, ist der abgeordnete Programmierer im Stande, die&nbsp;<a href=\"http:\/\/www.jeden-it.eu\/de\/pair-programming-verifizierung\/\" class=\"read-more\">Continue Reading<\/a><\/p>\n","protected":false},"author":1,"featured_media":0,"parent":0,"menu_order":0,"comment_status":"open","ping_status":"open","template":"","meta":{"footnotes":""},"_links":{"self":[{"href":"http:\/\/www.jeden-it.eu\/de\/wp-json\/wp\/v2\/pages\/393"}],"collection":[{"href":"http:\/\/www.jeden-it.eu\/de\/wp-json\/wp\/v2\/pages"}],"about":[{"href":"http:\/\/www.jeden-it.eu\/de\/wp-json\/wp\/v2\/types\/page"}],"author":[{"embeddable":true,"href":"http:\/\/www.jeden-it.eu\/de\/wp-json\/wp\/v2\/users\/1"}],"replies":[{"embeddable":true,"href":"http:\/\/www.jeden-it.eu\/de\/wp-json\/wp\/v2\/comments?post=393"}],"version-history":[{"count":2,"href":"http:\/\/www.jeden-it.eu\/de\/wp-json\/wp\/v2\/pages\/393\/revisions"}],"predecessor-version":[{"id":449,"href":"http:\/\/www.jeden-it.eu\/de\/wp-json\/wp\/v2\/pages\/393\/revisions\/449"}],"wp:attachment":[{"href":"http:\/\/www.jeden-it.eu\/de\/wp-json\/wp\/v2\/media?parent=393"}],"curies":[{"name":"wp","href":"https:\/\/api.w.org\/{rel}","templated":true}]}}