{"id":419,"date":"2014-07-14T11:41:12","date_gmt":"2014-07-14T11:41:12","guid":{"rendered":"http:\/\/www.jeden-it.eu\/de\/?page_id=419"},"modified":"2014-07-24T13:10:15","modified_gmt":"2014-07-24T13:10:15","slug":"softwareentwickler-aus-polen","status":"publish","type":"page","link":"http:\/\/www.jeden-it.eu\/de\/softwareentwickler-aus-polen\/","title":{"rendered":"Softwareentwickler aus Polen"},"content":{"rendered":"<p style=\"text-align: justify;\"><img loading=\"lazy\" decoding=\"async\" class=\"alignright wp-image-420 size-full\" src=\"http:\/\/www.jeden-it.eu\/de\/wp-content\/uploads\/sites\/3\/2014\/07\/programisci.jpg\" alt=\"programisci\" width=\"240\" height=\"140\" srcset=\"http:\/\/www.jeden-it.eu\/de\/wp-content\/uploads\/sites\/3\/2014\/07\/programisci.jpg 240w, http:\/\/www.jeden-it.eu\/de\/wp-content\/uploads\/sites\/3\/2014\/07\/programisci-100x58.jpg 100w\" sizes=\"(max-width: 240px) 100vw, 240px\" \/>Die Firma Jeden IT, gegr\u00fcndet durch Programmierer mit einer langj\u00e4hrigen Erfahrung mit ausl\u00e4ndischen Projekten, erm\u00f6glicht ausl\u00e4ndischen Firmen einen Zugang zum polnischen IT-Markt. Wir bieten <strong>Hilfe bei der Suche von <strong>Angestellten<\/strong>\u00a0in Polen<\/strong> f\u00fcr ausl\u00e4ndische Projekte an, aber erm\u00f6glichen auch <strong>die Entwicklung einer <strong>von Java basierter <\/strong> Software in Polen<\/strong>. Wir besitzen ein eigenes Team von Programmierern, die eine Applikation nach der \u00a0zugesandten Spezifizierung \u00a0erstellen, sowie auch ein bereits existierendes Projekt weiterentwickeln k\u00f6nnen. Unser Personal ist ein hochausgebildetes Team, das gem\u00e4\u00df der Prinzipien des Clean Codes in der SCRUM (Agile) Methodologie programmiert. Wir ermuntern Sie dazu ebenfalls, Polen als einen Markt zu bedenken, der die Konkurrenzf\u00e4higkeit Ihrer Firma bedeutend erh\u00f6hen k\u00f6nnte.<\/p>\n<p style=\"text-align: justify;\">Brauchen Sie?:<\/p>\n<table style=\"height: 142px;\" width=\"651\">\n<tbody>\n<tr>\n<td>\n<ul>\n<li>Programmierer<\/li>\n<li>Tester<\/li>\n<li>Projektleiter<\/li>\n<\/ul>\n<\/td>\n<td>\n<ul>\n<li>Databank specialist<\/li>\n<li>Einf\u00fchrer<\/li>\n<li>SCRUM master<\/li>\n<\/ul>\n<\/td>\n<td>\n<ul>\n<li>SAP-Consultant<\/li>\n<li>Architekt<\/li>\n<li>Administrator<\/li>\n<\/ul>\n<\/td>\n<\/tr>\n<\/tbody>\n<\/table>\n<p>Wir finden sie f\u00fcr Sie in Polen.<\/p>\n<p>&nbsp;<\/p>\n<p><strong>Wir erm\u00f6glichen auch eine Durchf\u00fchrung von dem Bewerbungsgespr\u00e4chen via die Videokonferenz.<\/strong> Sie brauchen keine zus\u00e4tzlichen Ger\u00e4te, nur das Mikrofon und eine Internetverbindung!<\/p>\n","protected":false},"excerpt":{"rendered":"<p>Die Firma Jeden IT, gegr\u00fcndet durch Programmierer mit einer langj\u00e4hrigen Erfahrung mit ausl\u00e4ndischen Projekten, erm\u00f6glicht ausl\u00e4ndischen Firmen einen Zugang zum polnischen IT-Markt. Wir bieten Hilfe bei der Suche von Angestellten\u00a0in Polen f\u00fcr ausl\u00e4ndische Projekte an, aber erm\u00f6glichen auch die Entwicklung einer von Java basierter Software in Polen. Wir besitzen ein eigenes Team von Programmierern, die&nbsp;<a href=\"http:\/\/www.jeden-it.eu\/de\/softwareentwickler-aus-polen\/\" class=\"read-more\">Continue Reading<\/a><\/p>\n","protected":false},"author":1,"featured_media":0,"parent":0,"menu_order":0,"comment_status":"open","ping_status":"open","template":"","meta":{"footnotes":""},"_links":{"self":[{"href":"http:\/\/www.jeden-it.eu\/de\/wp-json\/wp\/v2\/pages\/419"}],"collection":[{"href":"http:\/\/www.jeden-it.eu\/de\/wp-json\/wp\/v2\/pages"}],"about":[{"href":"http:\/\/www.jeden-it.eu\/de\/wp-json\/wp\/v2\/types\/page"}],"author":[{"embeddable":true,"href":"http:\/\/www.jeden-it.eu\/de\/wp-json\/wp\/v2\/users\/1"}],"replies":[{"embeddable":true,"href":"http:\/\/www.jeden-it.eu\/de\/wp-json\/wp\/v2\/comments?post=419"}],"version-history":[{"count":10,"href":"http:\/\/www.jeden-it.eu\/de\/wp-json\/wp\/v2\/pages\/419\/revisions"}],"predecessor-version":[{"id":448,"href":"http:\/\/www.jeden-it.eu\/de\/wp-json\/wp\/v2\/pages\/419\/revisions\/448"}],"wp:attachment":[{"href":"http:\/\/www.jeden-it.eu\/de\/wp-json\/wp\/v2\/media?parent=419"}],"curies":[{"name":"wp","href":"https:\/\/api.w.org\/{rel}","templated":true}]}}